{"id":3021,"date":"2023-07-11T13:08:44","date_gmt":"2023-07-11T17:08:44","guid":{"rendered":"https:\/\/wazirabadtools.com\/?post_type=product&#038;p=3021"},"modified":"2024-01-15T01:32:53","modified_gmt":"2024-01-15T06:32:53","slug":"double-planter-holder-white-cotton-macrame","status":"publish","type":"product","link":"https:\/\/wazirabadtools.com\/?product=double-planter-holder-white-cotton-macrame","title":{"rendered":"White Cotton Macram\u00e9: Double Planter Holder"},"content":{"rendered":"<p>Elevate your indoor greenery with our White Cotton Macram\u00e9 Double Planter Holder. Meticulously handcrafted, this macram\u00e9 creation adds a touch of natural elegance to your space. The intricate design and soft white cotton perfectly complement your favorite plants, creating a stunning bohemian display. Bring a harmonious blend of craftsmanship and style into your home with our Jute Macram\u00e9 Double Planter Holder, designed to elevate your d\u00e9cor with a touch of simplicity and sophistication.<\/p>\n<ul>\n<li><strong>Material: Cotton<\/strong><\/li>\n<li><strong>Color: White<\/strong><\/li>\n<li><strong>For two Planters<\/strong><\/li>\n<li><strong>Handmade\u00a0<\/strong><\/li>\n<li><strong>without Plant and Planter<\/strong><\/li>\n<li><strong>Length:\u00a0 4.5 feet<\/strong><\/li>\n<\/ul>\n<p><a href=\"https:\/\/wazirabadtools.com\">SHS GIFTS<\/a><\/p>\n<p>Also follow us on <a href=\"http:\/\/www.facebook.com\\shsgifts\">Facebook<\/a>.<\/p>\n","protected":false},"excerpt":{"rendered":"<p>Two Planters in One Hanger<\/p>\n","protected":false},"featured_media":3022,"comment_status":"open","ping_status":"closed","template":"","meta":{"saved_in_kubio":false,"site-sidebar-layout":"default","site-content-layout":"default","ast-site-content-layout":"default","site-content-style":"default","site-sidebar-style":"default","ast-global-header-display":"","ast-banner-title-visibility":"","ast-main-header-display":"","ast-hfb-above-header-display":"","ast-hfb-below-header-display":"","ast-hfb-mobile-header-display":"","site-post-title":"","ast-breadcrumbs-content":"","ast-featured-img":"","footer-sml-layout":"","theme-transparent-header-meta":"default","adv-header-id-meta":"","stick-header-meta":"","header-above-stick-meta":"","header-main-stick-meta":"","header-below-stick-meta":"","astra-migrate-meta-layouts":"set","ast-page-background-enabled":"default","ast-page-background-meta":{"desktop":{"background-color":"","background-image":"","background-repeat":"repeat","background-position":"center center","background-size":"auto","background-attachment":"scroll","background-type":"","background-media":"","overlay-type":"","overlay-color":"","overlay-opacity":"","overlay-gradient":""},"tablet":{"background-color":"","background-image":"","background-repeat":"repeat","background-position":"center center","background-size":"auto","background-attachment":"scroll","background-type":"","background-media":"","overlay-type":"","overlay-color":"","overlay-opacity":"","overlay-gradient":""},"mobile":{"background-color":"","background-image":"","background-repeat":"repeat","background-position":"center center","background-size":"auto","background-attachment":"scroll","background-type":"","background-media":"","overlay-type":"","overlay-color":"","overlay-opacity":"","overlay-gradient":""}},"ast-content-background-meta":{"desktop":{"background-color":"var(--ast-global-color-4)","background-image":"","background-repeat":"repeat","background-position":"center center","background-size":"auto","background-attachment":"scroll","background-type":"","background-media":"","overlay-type":"","overlay-color":"","overlay-opacity":"","overlay-gradient":""},"tablet":{"background-color":"var(--ast-global-color-4)","background-image":"","background-repeat":"repeat","background-position":"center center","background-size":"auto","background-attachment":"scroll","background-type":"","background-media":"","overlay-type":"","overlay-color":"","overlay-opacity":"","overlay-gradient":""},"mobile":{"background-color":"var(--ast-global-color-4)","background-image":"","background-repeat":"repeat","background-position":"center center","background-size":"auto","background-attachment":"scroll","background-type":"","background-media":"","overlay-type":"","overlay-color":"","overlay-opacity":"","overlay-gradient":""}}},"product_brand":[],"product_cat":[86,149],"product_tag":[269],"class_list":{"0":"post-3021","1":"product","2":"type-product","3":"status-publish","4":"has-post-thumbnail","6":"product_cat-home-decor","7":"product_cat-macrame-plant-hangers","8":"product_tag-handmade-cotton-macrame","9":"product_shipping_class-dhl-shipping","10":"desktop-align-center","11":"tablet-align-center","12":"mobile-align-center","14":"first","15":"instock","16":"sale","17":"shipping-taxable","18":"purchasable","19":"product-type-simple","20":"add-to-wishlist-before_image"},"_links":{"self":[{"href":"https:\/\/wazirabadtools.com\/index.php?rest_route=\/wp\/v2\/product\/3021","targetHints":{"allow":["GET"]}}],"collection":[{"href":"https:\/\/wazirabadtools.com\/index.php?rest_route=\/wp\/v2\/product"}],"about":[{"href":"https:\/\/wazirabadtools.com\/index.php?rest_route=\/wp\/v2\/types\/product"}],"replies":[{"embeddable":true,"href":"https:\/\/wazirabadtools.com\/index.php?rest_route=%2Fwp%2Fv2%2Fcomments&post=3021"}],"wp:featuredmedia":[{"embeddable":true,"href":"https:\/\/wazirabadtools.com\/index.php?rest_route=\/wp\/v2\/media\/3022"}],"wp:attachment":[{"href":"https:\/\/wazirabadtools.com\/index.php?rest_route=%2Fwp%2Fv2%2Fmedia&parent=3021"}],"wp:term":[{"taxonomy":"product_brand","embeddable":true,"href":"https:\/\/wazirabadtools.com\/index.php?rest_route=%2Fwp%2Fv2%2Fproduct_brand&post=3021"},{"taxonomy":"product_cat","embeddable":true,"href":"https:\/\/wazirabadtools.com\/index.php?rest_route=%2Fwp%2Fv2%2Fproduct_cat&post=3021"},{"taxonomy":"product_tag","embeddable":true,"href":"https:\/\/wazirabadtools.com\/index.php?rest_route=%2Fwp%2Fv2%2Fproduct_tag&post=3021"}],"curies":[{"name":"wp","href":"https:\/\/api.w.org\/{rel}","templated":true}]}}